{"id":139023,"date":"2025-09-29T11:09:59","date_gmt":"2025-09-29T15:09:59","guid":{"rendered":"https:\/\/i24imag1dev.wpenginepowered.com\/?page_id=139023"},"modified":"2025-12-22T16:52:50","modified_gmt":"2025-12-22T21:52:50","slug":"politiques","status":"publish","type":"page","link":"https:\/\/i24image.com\/fr\/politiques\/","title":{"rendered":"Politiques"},"content":{"rendered":"\t\t<div data-elementor-type=\"wp-page\" data-elementor-id=\"139023\" class=\"elementor elementor-139023 elementor-138605\" data-elementor-post-type=\"page\">\n\t\t\t\t<div class=\"elementor-element elementor-element-0efca66 e-flex e-con-boxed e-con e-parent\" data-id=\"0efca66\" data-element_type=\"container\" data-e-type=\"container\">\n\t\t\t\t\t<div class=\"e-con-inner\">\n\t\t\t\t<div class=\"elementor-element elementor-element-dd0f99a elementor-widget elementor-widget-heading\" data-id=\"dd0f99a\" data-element_type=\"widget\" data-e-type=\"widget\" data-widget_type=\"heading.default\">\n\t\t\t\t<div class=\"elementor-widget-container\">\n\t\t\t\t\t<h1 class=\"elementor-heading-title elementor-size-default\">i24 Solutions de gestion d'appels <br>Politiques<\/h1>\t\t\t\t<\/div>\n\t\t\t\t<\/div>\n\t\t\t\t<div class=\"elementor-element elementor-element-e0175be elementor-widget elementor-widget-text-editor\" data-id=\"e0175be\" data-element_type=\"widget\" data-e-type=\"widget\" data-widget_type=\"text-editor.default\">\n\t\t\t\t<div class=\"elementor-widget-container\">\n\t\t\t\t\t\t\t\t\t<p><a href=\"https:\/\/i24image.com\/fr\/avis\/\">Avis<\/a><\/p><p><a href=\"https:\/\/i24image.com\/fr\/i24-termes-et-conditions-de-service\/\">Termes et conditions de services<\/a><\/p><p><a href=\"https:\/\/i24image.com\/fr\/politique-de-confidentialite\/\">Politique de confidentialit\u00e9<\/a><\/p>\t\t\t\t\t\t\t\t<\/div>\n\t\t\t\t<\/div>\n\t\t\t\t<div class=\"elementor-element elementor-element-fa97324 elementor-widget elementor-widget-text-editor\" data-id=\"fa97324\" data-element_type=\"widget\" data-e-type=\"widget\" data-widget_type=\"text-editor.default\">\n\t\t\t\t<div class=\"elementor-widget-container\">\n\t\t\t\t\t\t\t\t\t<p>Si vous ne trouvez pas ce que vous cherchez ici, n&rsquo;h\u00e9sitez pas \u00e0 nous contacter ; nous serons ravis de vous aider, 24 h\/24 et 7 j\/7 !<\/p><p>Par courriel : service@i24image.com<\/p><p>Par t\u00e9l\u00e9phone : 1-866-535-8266<\/p>\t\t\t\t\t\t\t\t<\/div>\n\t\t\t\t<\/div>\n\t\t\t\t\t<\/div>\n\t\t\t\t<\/div>\n\t\t\t\t<\/div>\n\t\t","protected":false},"excerpt":{"rendered":"<p>i24 Solutions de gestion d&rsquo;appels Politiques Avis Termes et conditions de services Politique de confidentialit\u00e9 Si vous ne trouvez pas ce que vous cherchez ici, n&rsquo;h\u00e9sitez pas \u00e0 nous contacter ; nous serons ravis de vous aider, 24 h\/24 et 7 j\/7 ! Par courriel : service@i24image.com Par t\u00e9l\u00e9phone : 1-866-535-8266<\/p>\n","protected":false},"author":455,"featured_media":0,"parent":0,"menu_order":0,"comment_status":"closed","ping_status":"closed","template":"","meta":{"_acf_changed":false,"footnotes":""},"class_list":["post-139023","page","type-page","status-publish","hentry"],"acf":[],"yoast_head":"<!-- This site is optimized with the Yoast SEO Premium plugin v27.3 (Yoast SEO v27.3) - https:\/\/yoast.com\/product\/yoast-seo-premium-wordpress\/ -->\n<title>Politiques - i24 Call Management Solutions<\/title>\n<meta name=\"description\" content=\"Consultez notre politique de confidentialit\u00e9 et la fa\u00e7on dont i24 prot\u00e8ge vos renseignements personnels au Qu\u00e9bec.\" \/>\n<meta name=\"robots\" content=\"index, follow, max-snippet:-1, max-image-preview:large, max-video-preview:-1\" \/>\n<link rel=\"canonical\" href=\"https:\/\/i24image.com\/fr\/politiques\/\" \/>\n<script type=\"application\/ld+json\" class=\"yoast-schema-graph\">{\"@context\":\"https:\\\/\\\/schema.org\",\"@graph\":[{\"@type\":[\"Article\",\"BlogPosting\"],\"@id\":\"https:\\\/\\\/i24image.com\\\/fr\\\/politiques\\\/#article\",\"isPartOf\":{\"@id\":\"https:\\\/\\\/i24image.com\\\/fr\\\/politiques\\\/\"},\"author\":{\"name\":\"Emily Jones\",\"@id\":\"https:\\\/\\\/i24image.com\\\/fr\\\/#\\\/schema\\\/person\\\/6bcd7d32923519fdfcdbe4e6e9055b0a\"},\"headline\":\"Politiques\",\"datePublished\":\"2025-09-29T15:09:59+00:00\",\"dateModified\":\"2025-12-22T21:52:50+00:00\",\"mainEntityOfPage\":{\"@id\":\"https:\\\/\\\/i24image.com\\\/fr\\\/politiques\\\/\"},\"wordCount\":53,\"publisher\":{\"@id\":\"https:\\\/\\\/i24image.com\\\/fr\\\/#organization\"},\"inLanguage\":\"fr-FR\"},{\"@type\":\"WebPage\",\"@id\":\"https:\\\/\\\/i24image.com\\\/fr\\\/politiques\\\/\",\"url\":\"https:\\\/\\\/i24image.com\\\/fr\\\/politiques\\\/\",\"name\":\"Politiques - i24 Call Management Solutions\",\"isPartOf\":{\"@id\":\"https:\\\/\\\/i24image.com\\\/fr\\\/#website\"},\"datePublished\":\"2025-09-29T15:09:59+00:00\",\"dateModified\":\"2025-12-22T21:52:50+00:00\",\"description\":\"Consultez notre politique de confidentialit\u00e9 et la fa\u00e7on dont i24 prot\u00e8ge vos renseignements personnels au Qu\u00e9bec.\",\"breadcrumb\":{\"@id\":\"https:\\\/\\\/i24image.com\\\/fr\\\/politiques\\\/#breadcrumb\"},\"inLanguage\":\"fr-FR\",\"potentialAction\":[{\"@type\":\"ReadAction\",\"target\":[\"https:\\\/\\\/i24image.com\\\/fr\\\/politiques\\\/\"]}]},{\"@type\":\"BreadcrumbList\",\"@id\":\"https:\\\/\\\/i24image.com\\\/fr\\\/politiques\\\/#breadcrumb\",\"itemListElement\":[{\"@type\":\"ListItem\",\"position\":1,\"name\":\"Home\",\"item\":\"https:\\\/\\\/i24image.com\\\/fr\\\/\"},{\"@type\":\"ListItem\",\"position\":2,\"name\":\"Politiques\"}]},{\"@type\":\"WebSite\",\"@id\":\"https:\\\/\\\/i24image.com\\\/fr\\\/#website\",\"url\":\"https:\\\/\\\/i24image.com\\\/fr\\\/\",\"name\":\"i24\",\"description\":\"Call Management Solutions\",\"publisher\":{\"@id\":\"https:\\\/\\\/i24image.com\\\/fr\\\/#organization\"},\"potentialAction\":[{\"@type\":\"SearchAction\",\"target\":{\"@type\":\"EntryPoint\",\"urlTemplate\":\"https:\\\/\\\/i24image.com\\\/fr\\\/?s={search_term_string}\"},\"query-input\":{\"@type\":\"PropertyValueSpecification\",\"valueRequired\":true,\"valueName\":\"search_term_string\"}}],\"inLanguage\":\"fr-FR\"},{\"@type\":\"Organization\",\"@id\":\"https:\\\/\\\/i24image.com\\\/fr\\\/#organization\",\"name\":\"i24 Call Management Solutions\",\"url\":\"https:\\\/\\\/i24image.com\\\/fr\\\/\",\"logo\":{\"@type\":\"ImageObject\",\"inLanguage\":\"fr-FR\",\"@id\":\"https:\\\/\\\/i24image.com\\\/fr\\\/#\\\/schema\\\/logo\\\/image\\\/\",\"url\":\"\",\"contentUrl\":\"\",\"caption\":\"i24 Call Management Solutions\"},\"image\":{\"@id\":\"https:\\\/\\\/i24image.com\\\/fr\\\/#\\\/schema\\\/logo\\\/image\\\/\"},\"sameAs\":[\"https:\\\/\\\/www.facebook.com\\\/i24Call\",\"https:\\\/\\\/x.com\\\/i24call\",\"https:\\\/\\\/www.instagram.com\\\/i24_call_management_solutions\\\/\",\"https:\\\/\\\/www.linkedin.com\\\/company\\\/image24\",\"https:\\\/\\\/www.youtube.com\\\/channel\\\/UCGfxMRkQyiET0RK70gN9sUQ\"]},{\"@type\":\"Person\",\"@id\":\"https:\\\/\\\/i24image.com\\\/fr\\\/#\\\/schema\\\/person\\\/6bcd7d32923519fdfcdbe4e6e9055b0a\",\"name\":\"Emily Jones\"}]}<\/script>\n<!-- \/ Yoast SEO Premium plugin. -->","yoast_head_json":{"title":"Politiques - i24 Call Management Solutions","description":"Consultez notre politique de confidentialit\u00e9 et la fa\u00e7on dont i24 prot\u00e8ge vos renseignements personnels au Qu\u00e9bec.","robots":{"index":"index","follow":"follow","max-snippet":"max-snippet:-1","max-image-preview":"max-image-preview:large","max-video-preview":"max-video-preview:-1"},"canonical":"https:\/\/i24image.com\/fr\/politiques\/","schema":{"@context":"https:\/\/schema.org","@graph":[{"@type":["Article","BlogPosting"],"@id":"https:\/\/i24image.com\/fr\/politiques\/#article","isPartOf":{"@id":"https:\/\/i24image.com\/fr\/politiques\/"},"author":{"name":"Emily Jones","@id":"https:\/\/i24image.com\/fr\/#\/schema\/person\/6bcd7d32923519fdfcdbe4e6e9055b0a"},"headline":"Politiques","datePublished":"2025-09-29T15:09:59+00:00","dateModified":"2025-12-22T21:52:50+00:00","mainEntityOfPage":{"@id":"https:\/\/i24image.com\/fr\/politiques\/"},"wordCount":53,"publisher":{"@id":"https:\/\/i24image.com\/fr\/#organization"},"inLanguage":"fr-FR"},{"@type":"WebPage","@id":"https:\/\/i24image.com\/fr\/politiques\/","url":"https:\/\/i24image.com\/fr\/politiques\/","name":"Politiques - i24 Call Management Solutions","isPartOf":{"@id":"https:\/\/i24image.com\/fr\/#website"},"datePublished":"2025-09-29T15:09:59+00:00","dateModified":"2025-12-22T21:52:50+00:00","description":"Consultez notre politique de confidentialit\u00e9 et la fa\u00e7on dont i24 prot\u00e8ge vos renseignements personnels au Qu\u00e9bec.","breadcrumb":{"@id":"https:\/\/i24image.com\/fr\/politiques\/#breadcrumb"},"inLanguage":"fr-FR","potentialAction":[{"@type":"ReadAction","target":["https:\/\/i24image.com\/fr\/politiques\/"]}]},{"@type":"BreadcrumbList","@id":"https:\/\/i24image.com\/fr\/politiques\/#breadcrumb","itemListElement":[{"@type":"ListItem","position":1,"name":"Home","item":"https:\/\/i24image.com\/fr\/"},{"@type":"ListItem","position":2,"name":"Politiques"}]},{"@type":"WebSite","@id":"https:\/\/i24image.com\/fr\/#website","url":"https:\/\/i24image.com\/fr\/","name":"i24","description":"Call Management Solutions","publisher":{"@id":"https:\/\/i24image.com\/fr\/#organization"},"potentialAction":[{"@type":"SearchAction","target":{"@type":"EntryPoint","urlTemplate":"https:\/\/i24image.com\/fr\/?s={search_term_string}"},"query-input":{"@type":"PropertyValueSpecification","valueRequired":true,"valueName":"search_term_string"}}],"inLanguage":"fr-FR"},{"@type":"Organization","@id":"https:\/\/i24image.com\/fr\/#organization","name":"i24 Call Management Solutions","url":"https:\/\/i24image.com\/fr\/","logo":{"@type":"ImageObject","inLanguage":"fr-FR","@id":"https:\/\/i24image.com\/fr\/#\/schema\/logo\/image\/","url":"","contentUrl":"","caption":"i24 Call Management Solutions"},"image":{"@id":"https:\/\/i24image.com\/fr\/#\/schema\/logo\/image\/"},"sameAs":["https:\/\/www.facebook.com\/i24Call","https:\/\/x.com\/i24call","https:\/\/www.instagram.com\/i24_call_management_solutions\/","https:\/\/www.linkedin.com\/company\/image24","https:\/\/www.youtube.com\/channel\/UCGfxMRkQyiET0RK70gN9sUQ"]},{"@type":"Person","@id":"https:\/\/i24image.com\/fr\/#\/schema\/person\/6bcd7d32923519fdfcdbe4e6e9055b0a","name":"Emily Jones"}]}},"_links":{"self":[{"href":"https:\/\/i24image.com\/fr\/wp-json\/wp\/v2\/pages\/139023","targetHints":{"allow":["GET"]}}],"collection":[{"href":"https:\/\/i24image.com\/fr\/wp-json\/wp\/v2\/pages"}],"about":[{"href":"https:\/\/i24image.com\/fr\/wp-json\/wp\/v2\/types\/page"}],"author":[{"embeddable":true,"href":"https:\/\/i24image.com\/fr\/wp-json\/wp\/v2\/users\/455"}],"replies":[{"embeddable":true,"href":"https:\/\/i24image.com\/fr\/wp-json\/wp\/v2\/comments?post=139023"}],"version-history":[{"count":0,"href":"https:\/\/i24image.com\/fr\/wp-json\/wp\/v2\/pages\/139023\/revisions"}],"wp:attachment":[{"href":"https:\/\/i24image.com\/fr\/wp-json\/wp\/v2\/media?parent=139023"}],"curies":[{"name":"wp","href":"https:\/\/api.w.org\/{rel}","templated":true}]}}