{"id":5131,"date":"2017-03-23T12:47:06","date_gmt":"2017-03-23T12:47:06","guid":{"rendered":"https:\/\/i24imag1dev.wpenginepowered.com\/?page_id=5131\/"},"modified":"2025-12-22T11:35:48","modified_gmt":"2025-12-22T16:35:48","slug":"avis","status":"publish","type":"page","link":"https:\/\/i24image.com\/fr\/politiques\/avis\/","title":{"rendered":"AVIS"},"content":{"rendered":"\t\t<div data-elementor-type=\"wp-page\" data-elementor-id=\"5131\" class=\"elementor elementor-5131 elementor-5126\" data-elementor-post-type=\"page\">\n\t\t\t\t<div class=\"elementor-element elementor-element-20a60633 e-flex e-con-boxed e-con e-parent\" data-id=\"20a60633\" data-element_type=\"container\" data-e-type=\"container\">\n\t\t\t\t\t<div class=\"e-con-inner\">\n\t\t\t\t<div class=\"elementor-element elementor-element-2ca21dec elementor-widget elementor-widget-text-editor\" data-id=\"2ca21dec\" data-element_type=\"widget\" data-e-type=\"widget\" data-widget_type=\"text-editor.default\">\n\t\t\t\t<div class=\"elementor-widget-container\">\n\t\t\t\t\t\t\t\t\t<h1>Avis<\/h1><p>Ce site Web est d\u00e9tenu et exploit\u00e9 par Metro-Montreal Communications Inc. Les renseignements qu\u2019il contient appartiennent exclusivement \u00e0 Metro-Montreal Communications Inc. et sont prot\u00e9g\u00e9s en vertu de la Loi sur le droit d\u2019auteur. <strong>TOUS DROITS R\u00c9SERV\u00c9S \u00c0 L\u2019\u00c9CHELLE MONDIALE.<\/strong><\/p><p>Tous les contenus, images, codes et logiciels utilis\u00e9s ou incorpor\u00e9s dans ce site Web, de m\u00eame que la disposition ou l\u2019int\u00e9gration de tous ces contenus, images, codes et logiciels, sont soumis \u00e0 des droits d\u2019auteur appartenant ou accord\u00e9s \u00e0 Metro-Montreal Communications Inc., et tous les droits aff\u00e9rents sont sp\u00e9cifiquement r\u00e9serv\u00e9s. L\u2019utilisation, la reproduction ou la distribution non autoris\u00e9e de tout renseignement figurant dans ce site Web est strictement interdite. Toute utilisation contraire sera poursuivie et corrig\u00e9e.<\/p>\t\t\t\t\t\t\t\t<\/div>\n\t\t\t\t<\/div>\n\t\t\t\t\t<\/div>\n\t\t\t\t<\/div>\n\t\t\t\t<\/div>\n\t\t","protected":false},"excerpt":{"rendered":"<p>Avis Ce site Web est d\u00e9tenu et exploit\u00e9 par Metro-Montreal Communications Inc. Les renseignements qu\u2019il contient appartiennent exclusivement \u00e0 Metro-Montreal Communications Inc. et sont prot\u00e9g\u00e9s en vertu de la Loi sur le droit d\u2019auteur. TOUS DROITS R\u00c9SERV\u00c9S \u00c0 L\u2019\u00c9CHELLE MONDIALE. Tous les contenus, images, codes et logiciels utilis\u00e9s ou incorpor\u00e9s dans ce site Web, de [&hellip;]<\/p>\n","protected":false},"author":460,"featured_media":0,"parent":139023,"menu_order":0,"comment_status":"closed","ping_status":"closed","template":"","meta":{"_acf_changed":false,"footnotes":""},"class_list":["post-5131","page","type-page","status-publish","hentry"],"acf":[],"yoast_head":"<!-- This site is optimized with the Yoast SEO Premium plugin v27.5 (Yoast SEO v27.5) - https:\/\/yoast.com\/product\/yoast-seo-premium-wordpress\/ -->\n<title>AVIS - i24 Call Management Solutions<\/title>\n<meta name=\"description\" content=\"Explore avis on content ownership and copyright regulations at Metro-Montreal Communications Inc. Understand your rights.\" \/>\n<meta name=\"robots\" content=\"index, follow, max-snippet:-1, max-image-preview:large, max-video-preview:-1\" \/>\n<link rel=\"canonical\" href=\"https:\/\/i24image.com\/fr\/politiques\/avis\/\" \/>\n<script type=\"application\/ld+json\" class=\"yoast-schema-graph\">{\"@context\":\"https:\\\/\\\/schema.org\",\"@graph\":[{\"@type\":[\"Article\",\"BlogPosting\"],\"@id\":\"https:\\\/\\\/i24image.com\\\/fr\\\/politiques\\\/avis\\\/#article\",\"isPartOf\":{\"@id\":\"https:\\\/\\\/i24image.com\\\/fr\\\/politiques\\\/avis\\\/\"},\"author\":{\"name\":\"i24 Content Team\",\"@id\":\"https:\\\/\\\/i24image.com\\\/fr\\\/#\\\/schema\\\/person\\\/d6f9734a81df19fe6c6d1dfded72a920\"},\"headline\":\"AVIS\",\"datePublished\":\"2017-03-23T12:47:06+00:00\",\"dateModified\":\"2025-12-22T16:35:48+00:00\",\"mainEntityOfPage\":{\"@id\":\"https:\\\/\\\/i24image.com\\\/fr\\\/politiques\\\/avis\\\/\"},\"wordCount\":135,\"publisher\":{\"@id\":\"https:\\\/\\\/i24image.com\\\/fr\\\/#organization\"},\"inLanguage\":\"fr-FR\"},{\"@type\":\"WebPage\",\"@id\":\"https:\\\/\\\/i24image.com\\\/fr\\\/politiques\\\/avis\\\/\",\"url\":\"https:\\\/\\\/i24image.com\\\/fr\\\/politiques\\\/avis\\\/\",\"name\":\"AVIS - i24 Call Management Solutions\",\"isPartOf\":{\"@id\":\"https:\\\/\\\/i24image.com\\\/fr\\\/#website\"},\"datePublished\":\"2017-03-23T12:47:06+00:00\",\"dateModified\":\"2025-12-22T16:35:48+00:00\",\"description\":\"Explore avis on content ownership and copyright regulations at Metro-Montreal Communications Inc. Understand your rights.\",\"breadcrumb\":{\"@id\":\"https:\\\/\\\/i24image.com\\\/fr\\\/politiques\\\/avis\\\/#breadcrumb\"},\"inLanguage\":\"fr-FR\",\"potentialAction\":[{\"@type\":\"ReadAction\",\"target\":[\"https:\\\/\\\/i24image.com\\\/fr\\\/politiques\\\/avis\\\/\"]}]},{\"@type\":\"BreadcrumbList\",\"@id\":\"https:\\\/\\\/i24image.com\\\/fr\\\/politiques\\\/avis\\\/#breadcrumb\",\"itemListElement\":[{\"@type\":\"ListItem\",\"position\":1,\"name\":\"Home\",\"item\":\"https:\\\/\\\/i24image.com\\\/fr\\\/\"},{\"@type\":\"ListItem\",\"position\":2,\"name\":\"Politiques\",\"item\":\"https:\\\/\\\/i24image.com\\\/fr\\\/policies\\\/\"},{\"@type\":\"ListItem\",\"position\":3,\"name\":\"AVIS\"}]},{\"@type\":\"WebSite\",\"@id\":\"https:\\\/\\\/i24image.com\\\/fr\\\/#website\",\"url\":\"https:\\\/\\\/i24image.com\\\/fr\\\/\",\"name\":\"i24\",\"description\":\"Call Management Solutions\",\"publisher\":{\"@id\":\"https:\\\/\\\/i24image.com\\\/fr\\\/#organization\"},\"potentialAction\":[{\"@type\":\"SearchAction\",\"target\":{\"@type\":\"EntryPoint\",\"urlTemplate\":\"https:\\\/\\\/i24image.com\\\/fr\\\/?s={search_term_string}\"},\"query-input\":{\"@type\":\"PropertyValueSpecification\",\"valueRequired\":true,\"valueName\":\"search_term_string\"}}],\"inLanguage\":\"fr-FR\"},{\"@type\":\"Organization\",\"@id\":\"https:\\\/\\\/i24image.com\\\/fr\\\/#organization\",\"name\":\"i24 Call Management Solutions\",\"url\":\"https:\\\/\\\/i24image.com\\\/fr\\\/\",\"logo\":{\"@type\":\"ImageObject\",\"inLanguage\":\"fr-FR\",\"@id\":\"https:\\\/\\\/i24image.com\\\/fr\\\/#\\\/schema\\\/logo\\\/image\\\/\",\"url\":\"https:\\\/\\\/i24image.com\\\/wp-content\\\/uploads\\\/2026\\\/02\\\/cropped-squared-logo-i24-dark-FR.png\",\"contentUrl\":\"https:\\\/\\\/i24image.com\\\/wp-content\\\/uploads\\\/2026\\\/02\\\/cropped-squared-logo-i24-dark-FR.png\",\"width\":512,\"height\":512,\"caption\":\"i24 Call Management Solutions\"},\"image\":{\"@id\":\"https:\\\/\\\/i24image.com\\\/fr\\\/#\\\/schema\\\/logo\\\/image\\\/\"},\"sameAs\":[\"https:\\\/\\\/www.facebook.com\\\/i24Call\",\"https:\\\/\\\/x.com\\\/i24call\",\"https:\\\/\\\/www.instagram.com\\\/i24_call_management_solutions\\\/\",\"https:\\\/\\\/www.linkedin.com\\\/company\\\/image24\",\"https:\\\/\\\/www.youtube.com\\\/channel\\\/UCGfxMRkQyiET0RK70gN9sUQ\"]},{\"@type\":\"Person\",\"@id\":\"https:\\\/\\\/i24image.com\\\/fr\\\/#\\\/schema\\\/person\\\/d6f9734a81df19fe6c6d1dfded72a920\",\"name\":\"i24 Content Team\"}]}<\/script>\n<!-- \/ Yoast SEO Premium plugin. -->","yoast_head_json":{"title":"AVIS - i24 Call Management Solutions","description":"Explore avis on content ownership and copyright regulations at Metro-Montreal Communications Inc. Understand your rights.","robots":{"index":"index","follow":"follow","max-snippet":"max-snippet:-1","max-image-preview":"max-image-preview:large","max-video-preview":"max-video-preview:-1"},"canonical":"https:\/\/i24image.com\/fr\/politiques\/avis\/","schema":{"@context":"https:\/\/schema.org","@graph":[{"@type":["Article","BlogPosting"],"@id":"https:\/\/i24image.com\/fr\/politiques\/avis\/#article","isPartOf":{"@id":"https:\/\/i24image.com\/fr\/politiques\/avis\/"},"author":{"name":"i24 Content Team","@id":"https:\/\/i24image.com\/fr\/#\/schema\/person\/d6f9734a81df19fe6c6d1dfded72a920"},"headline":"AVIS","datePublished":"2017-03-23T12:47:06+00:00","dateModified":"2025-12-22T16:35:48+00:00","mainEntityOfPage":{"@id":"https:\/\/i24image.com\/fr\/politiques\/avis\/"},"wordCount":135,"publisher":{"@id":"https:\/\/i24image.com\/fr\/#organization"},"inLanguage":"fr-FR"},{"@type":"WebPage","@id":"https:\/\/i24image.com\/fr\/politiques\/avis\/","url":"https:\/\/i24image.com\/fr\/politiques\/avis\/","name":"AVIS - i24 Call Management Solutions","isPartOf":{"@id":"https:\/\/i24image.com\/fr\/#website"},"datePublished":"2017-03-23T12:47:06+00:00","dateModified":"2025-12-22T16:35:48+00:00","description":"Explore avis on content ownership and copyright regulations at Metro-Montreal Communications Inc. Understand your rights.","breadcrumb":{"@id":"https:\/\/i24image.com\/fr\/politiques\/avis\/#breadcrumb"},"inLanguage":"fr-FR","potentialAction":[{"@type":"ReadAction","target":["https:\/\/i24image.com\/fr\/politiques\/avis\/"]}]},{"@type":"BreadcrumbList","@id":"https:\/\/i24image.com\/fr\/politiques\/avis\/#breadcrumb","itemListElement":[{"@type":"ListItem","position":1,"name":"Home","item":"https:\/\/i24image.com\/fr\/"},{"@type":"ListItem","position":2,"name":"Politiques","item":"https:\/\/i24image.com\/fr\/policies\/"},{"@type":"ListItem","position":3,"name":"AVIS"}]},{"@type":"WebSite","@id":"https:\/\/i24image.com\/fr\/#website","url":"https:\/\/i24image.com\/fr\/","name":"i24","description":"Call Management Solutions","publisher":{"@id":"https:\/\/i24image.com\/fr\/#organization"},"potentialAction":[{"@type":"SearchAction","target":{"@type":"EntryPoint","urlTemplate":"https:\/\/i24image.com\/fr\/?s={search_term_string}"},"query-input":{"@type":"PropertyValueSpecification","valueRequired":true,"valueName":"search_term_string"}}],"inLanguage":"fr-FR"},{"@type":"Organization","@id":"https:\/\/i24image.com\/fr\/#organization","name":"i24 Call Management Solutions","url":"https:\/\/i24image.com\/fr\/","logo":{"@type":"ImageObject","inLanguage":"fr-FR","@id":"https:\/\/i24image.com\/fr\/#\/schema\/logo\/image\/","url":"https:\/\/i24image.com\/wp-content\/uploads\/2026\/02\/cropped-squared-logo-i24-dark-FR.png","contentUrl":"https:\/\/i24image.com\/wp-content\/uploads\/2026\/02\/cropped-squared-logo-i24-dark-FR.png","width":512,"height":512,"caption":"i24 Call Management Solutions"},"image":{"@id":"https:\/\/i24image.com\/fr\/#\/schema\/logo\/image\/"},"sameAs":["https:\/\/www.facebook.com\/i24Call","https:\/\/x.com\/i24call","https:\/\/www.instagram.com\/i24_call_management_solutions\/","https:\/\/www.linkedin.com\/company\/image24","https:\/\/www.youtube.com\/channel\/UCGfxMRkQyiET0RK70gN9sUQ"]},{"@type":"Person","@id":"https:\/\/i24image.com\/fr\/#\/schema\/person\/d6f9734a81df19fe6c6d1dfded72a920","name":"i24 Content Team"}]}},"_links":{"self":[{"href":"https:\/\/i24image.com\/fr\/wp-json\/wp\/v2\/pages\/5131","targetHints":{"allow":["GET"]}}],"collection":[{"href":"https:\/\/i24image.com\/fr\/wp-json\/wp\/v2\/pages"}],"about":[{"href":"https:\/\/i24image.com\/fr\/wp-json\/wp\/v2\/types\/page"}],"author":[{"embeddable":true,"href":"https:\/\/i24image.com\/fr\/wp-json\/wp\/v2\/users\/460"}],"replies":[{"embeddable":true,"href":"https:\/\/i24image.com\/fr\/wp-json\/wp\/v2\/comments?post=5131"}],"version-history":[{"count":0,"href":"https:\/\/i24image.com\/fr\/wp-json\/wp\/v2\/pages\/5131\/revisions"}],"up":[{"embeddable":true,"href":"https:\/\/i24image.com\/fr\/wp-json\/wp\/v2\/pages\/139023"}],"wp:attachment":[{"href":"https:\/\/i24image.com\/fr\/wp-json\/wp\/v2\/media?parent=5131"}],"curies":[{"name":"wp","href":"https:\/\/api.w.org\/{rel}","templated":true}]}}